{"id":11,"date":"2014-09-14T09:19:10","date_gmt":"2014-09-14T06:19:10","guid":{"rendered":"http:\/\/localhost\/final-leisure\/?page_id=11"},"modified":"2024-12-08T14:53:00","modified_gmt":"2024-12-08T12:53:00","slug":"despre-noi","status":"publish","type":"page","link":"https:\/\/charpatianlogcabin.ro\/ro\/despre-noi\/","title":{"rendered":"Despre noi"},"content":{"rendered":"<p>[vc_row disable_element=&#8221;yes&#8221;][vc_column width=&#8221;1\/2&#8243;][vc_column_text]<strong><u>Charpatian Log Cabin \u2013 Refugiul perfect \u00een inima naturii<\/u><\/strong><\/p>\n<p>&nbsp;<\/p>\n<p>Bine a\u021bi venit la <strong>Charpatian Log Cabin<\/strong>, o caban\u0103 de tip A-frame, situat\u0103 \u00een Dragoslavele, jude\u021bul Arge\u0219, la marginea unei p\u0103duri fermec\u0103toare. Este o zon\u0103 incredibil de frumoas\u0103, dar pu\u021bin cunoscut\u0103, fapt ce o ajut\u0103 s\u0103-\u0219i p\u0103streze farmecul idilic. Departe de tumultul ora\u0219ului \u0219i f\u0103r\u0103 vecini \u00een apropiere, aceast\u0103 caban\u0103 v\u0103 invit\u0103 s\u0103 descoperi\u021bi un loc unde lini\u0219tea naturii \u0219opte\u0219te pove\u0219ti, iar timpul pare s\u0103 se opreasc\u0103 pentru a v\u0103 oferi momente de pur\u0103 serenitate.<\/p>\n<p>&nbsp;<\/p>\n<p><strong>Construit\u0103 cu dragoste<\/strong> &#8211; Charpatian Log Cabin dispune de 5 dormitoare confortabile, 2 b\u0103i, un living spa\u021bios \u0219i o buc\u0103t\u0103rie complet echipat\u0103, preg\u0103tite s\u0103 v\u0103 ofere tot confortul necesar pentru un sejur de neuitat. Cabana este locul ideal pentru reuniuni de familie sau escapade cu prietenii. Curtea mare v\u0103 permite s\u0103 v\u0103 bucura\u021bi de aerul curat \u0219i de natur\u0103, iar ciubarul din fibr\u0103 de sticl\u0103 \u0219i cu hidromasaj este perfect pentru momente de relaxare sub cerul liber.<\/p>\n<p><strong>Descoperi\u021bi magia din jur:<\/strong><\/p>\n<p>Dragoslavele \u0219i \u00eemprejurimile ofer\u0103 o gam\u0103 variat\u0103 de activit\u0103\u021bi \u0219i atrac\u021bii:<\/p>\n<ul>\n<li>R\u0103sufla\u021bi aerul libert\u0103\u021bii pe potecile <strong>Mun\u021bilor Leaota<\/strong> sau prin <strong>Cheile D\u00e2mbovi\u021bei<\/strong>, unde fiecare pas v\u0103 dezv\u0103luie frumuse\u021bi ascunse.<\/li>\n<li>Explora\u021bi istoria vizit\u00e2nd <strong>M\u0103n\u0103stirea N\u0103m\u0103ie\u0219ti<\/strong> sau <strong>Castrul Roman Jidava<\/strong>, adev\u0103rate comori ale zonei.<\/li>\n<li>Re\u00eendr\u0103gosti\u021bi-v\u0103 de natur\u0103 la <strong>Pe\u0219tera D\u00e2mbovicioara<\/strong> sau \u00een lini\u0219tea r\u00e2urilor care str\u0103bat regiunea.<\/li>\n<li>Porni\u021bi \u00eentr-o aventur\u0103 de o zi la <strong>Castelul Bran<\/strong> sau <strong>Cetatea R\u00e2\u0219nov<\/strong>, aflate la o arunc\u0103tur\u0103 de b\u0103\u021b.<\/li>\n<\/ul>\n<p>&nbsp;<\/p>\n<p><strong>Tradi\u021bie \u0219i bucurie sub cerul liber:<\/strong><\/p>\n<p>Pentru cei care iubesc momentele autentice \u00een mijlocul naturii, la Charpatian Log Cabin punem la dispozi\u021bia oaspe\u021bilor <strong>ceaun<\/strong>, <strong>gr\u0103tar<\/strong> \u0219i <strong>disc<\/strong>, astfel \u00eenc\u00e2t s\u0103 pute\u021bi preg\u0103ti \u00eempreun\u0103 preparate savuroase, inspirate de gustul autentic al muntelui. Iar seara, \u00een jurul unui <strong>foc de tab\u0103r\u0103<\/strong> sub cerul \u00eenstelat, pove\u0219tile cap\u0103t\u0103 un farmec aparte, iar timpul petrecut cu cei dragi devine cu adev\u0103rat magic.<\/p>\n<p>&nbsp;<\/p>\n<p><strong>Ritualul lini\u0219tii:<\/strong><\/p>\n<p>Fie c\u0103 alege\u021bi s\u0103 \u00eencepe\u021bi ziua cu o cafea pe teras\u0103, \u00eenv\u0103lui\u021bi de sunetele p\u0103durii, sau s\u0103 o \u00eencheia\u021bi sub cerul \u00eenstelat, Charpatian Log Cabin v\u0103 ofer\u0103 cadrul perfect pentru momente memorabile. Este locul unde v\u0103 ve\u021bi g\u0103si lini\u0219tea, inspira\u021bia \u0219i conexiunea cu cei dragi.<\/p>\n<p>Descoperi\u021bi un alt fel de a tr\u0103i vacan\u021bele \u2013 doar la Charpatian Log Cabin!<\/p>\n<p>[\/vc_column_text][\/vc_column][vc_column width=&#8221;1\/2&#8243;][vc_column_text]<\/p>\n<div style=\"width: 640px;\" class=\"wp-video\"><!--[if lt IE 9]><script>document.createElement('video');<\/script><![endif]-->\n<video class=\"wp-video-shortcode\" id=\"video-11-1\" width=\"640\" height=\"360\" preload=\"metadata\" controls=\"controls\"><source type=\"video\/mp4\" src=\"https:\/\/charpatianlogcabin.ro\/wp-content\/uploads\/2024\/12\/WhatsApp-Video-2024-12-03-at-16.14.26_07d0a86e.mp4?_=1\" \/><a href=\"https:\/\/charpatianlogcabin.ro\/wp-content\/uploads\/2024\/12\/WhatsApp-Video-2024-12-03-at-16.14.26_07d0a86e.mp4\">https:\/\/charpatianlogcabin.ro\/wp-content\/uploads\/2024\/12\/WhatsApp-Video-2024-12-03-at-16.14.26_07d0a86e.mp4<\/a><\/video><\/div>\n<p>[\/vc_column_text][\/vc_column][\/vc_row][vc_row css=&#8221;.vc_custom_1472164123187{margin-top: -60px !important;margin-bottom: -200px !important;}&#8221;][vc_column][vc_separator color=&#8221;custom&#8221; style=&#8221;shadow&#8221; border_width=&#8221;2&#8243; accent_color=&#8221;#7c0021&#8243; css=&#8221;.vc_custom_1471822497289{margin-top: -60px !important;}&#8221;][\/vc_column][\/vc_row][vc_row css=&#8221;.vc_custom_1472757205101{margin-top: 20px !important;margin-bottom: -190px !important;}&#8221;][vc_column width=&#8221;1\/5&#8243;][\/vc_column][vc_column width=&#8221;1\/5&#8243;][\/vc_column][vc_column width=&#8221;1\/5&#8243;][vc_column_text css=&#8221;.vc_custom_1472993790049{margin-bottom: 90px !important;}&#8221;]<\/p>\n<h3 style=\"text-align: center;\"><span style=\"color: #7c0021;\">L\u0102SA\u0162I-V\u0102 SURPRIN\u015eI<\/span><\/h3>\n<p>[\/vc_column_text][vc_images_carousel images=&#8221;8568,8569,8571,8572,8573,8574,8575,8576,8577,8578,8579,8580,8581,8582,8566,8583,8584,8585,8586,8567,8588,8589,8590,8591,8592,8593,8594,8595,8596,8597,8598,8599,8600,8601,8602,8603,8604,8605,8606,8607&#8243; speed=&#8221;8888&#8243; hide_pagination_control=&#8221;yes&#8221; hide_prev_next_buttons=&#8221;yes&#8221;][\/vc_column][vc_column width=&#8221;1\/5&#8243;][\/vc_column][vc_column width=&#8221;1\/5&#8243;][\/vc_column][\/vc_row]<\/p>","protected":false},"excerpt":{"rendered":"<p>[vc_row disable_element=&#8221;yes&#8221;][vc_column width=&#8221;1\/2&#8243;][vc_column_text]Charpatian Log Cabin \u2013 Refugiul perfect \u00een inima naturii &nbsp; Bine a\u021bi venit la Charpatian Log Cabin, o [&hellip;]<\/p>\n","protected":false},"author":3,"featured_media":0,"parent":0,"menu_order":4,"comment_status":"closed","ping_status":"closed","template":"","meta":[],"_links":{"self":[{"href":"https:\/\/charpatianlogcabin.ro\/ro\/wp-json\/wp\/v2\/pages\/11"}],"collection":[{"href":"https:\/\/charpatianlogcabin.ro\/ro\/wp-json\/wp\/v2\/pages"}],"about":[{"href":"https:\/\/charpatianlogcabin.ro\/ro\/wp-json\/wp\/v2\/types\/page"}],"author":[{"embeddable":true,"href":"https:\/\/charpatianlogcabin.ro\/ro\/wp-json\/wp\/v2\/users\/3"}],"replies":[{"embeddable":true,"href":"https:\/\/charpatianlogcabin.ro\/ro\/wp-json\/wp\/v2\/comments?post=11"}],"version-history":[{"count":57,"href":"https:\/\/charpatianlogcabin.ro\/ro\/wp-json\/wp\/v2\/pages\/11\/revisions"}],"predecessor-version":[{"id":8643,"href":"https:\/\/charpatianlogcabin.ro\/ro\/wp-json\/wp\/v2\/pages\/11\/revisions\/8643"}],"wp:attachment":[{"href":"https:\/\/charpatianlogcabin.ro\/ro\/wp-json\/wp\/v2\/media?parent=11"}],"curies":[{"name":"wp","href":"https:\/\/api.w.org\/{rel}","templated":true}]}}