{"id":3519,"date":"2016-06-23T12:16:54","date_gmt":"2016-06-23T12:16:54","guid":{"rendered":"http:\/\/www.hotelsperformance.com\/sitehotper\/hotels\/7soapte\/?page_id=3519"},"modified":"2024-12-08T13:52:11","modified_gmt":"2024-12-08T11:52:11","slug":"terms","status":"publish","type":"page","link":"https:\/\/charpatianlogcabin.ro\/ro\/contact\/terms\/","title":{"rendered":"Politic\u0103 de confiden\u0163ialitate"},"content":{"rendered":"<p>&nbsp;<\/p>\n<h4 style=\"text-align: center;\"><strong>NOT\u0102 DE INFORMARE PRIVIND PROTEC\u0162IA DATELOR PERSONALE<\/strong><\/h4>\n<p>Conform cerin\u021belor Regulamentului (UE) 2016\/679\/27 aprilie 2016 privind protec\u021bia persoanelor fizice \u00een ceea ce prive\u0219te prelucrarea datelor cu caracter personal \u0219i privind libera circula\u021bie a acestor date, societatea Charpatian Log Cabin. are obliga\u021bia de a administra \u00een condi\u021bii de siguran\u021b\u0103 \u0219i numai pentru scopurile specificate, datele personale pe care ni le furniza\u021bi despre dumneavoastr\u0103, un membru al familiei dumneavoastr\u0103 ori o alt\u0103 persoan\u0103.<br \/>\nCharpatian Log Cabin colecteaz\u0103 \u0219i prelucreaz\u0103 date cu caracter personal \u00een urm\u0103torul scop:<\/p>\n<p>a) Activit\u0103\u021bi comerciale privind servicii de cazare \u0219i prest\u0103ri servicii (restaurant &#8211; bar, evenimente, servicii conexe) cuprinz\u00e2nd activit\u0103\u021bi de ofertare, contractare, v\u00e2nz\u0103ri produse, rela\u021bii comerciale cu alte entit\u0103\u021bi juridice;<br \/>\nb) Activit\u0103\u021bi post-v\u00e2nzare cuprinz\u00e2nd servicii de rela\u021bii cu clien\u021bii, informarea acestora privind evaluarea produselor si serviciilor oferite, \u00eembun\u0103t\u0103\u021birea calit\u0103\u021bii serviciilor de repara\u021bii \u0219i \u00eentre\u021binere a produselor \u0219i serviciilor comercializate prin activitatea desf\u0103\u0219urat\u0103;<br \/>\nc) Activit\u0103\u021bi referitoare la respectarea prevederilor legale privind \u00eentocmirea \u0219i raportarea documentelor specifice (de ex. fi\u0219a de cazare) \u0219i contabile (declara\u021bii contabile, facturi, etc.)<br \/>\nd) Activit\u0103\u021bi referitoare la siguran\u021ba dumneavostr\u0103 \u0219i a bunurilor dumneavoastr\u0103;<br \/>\ne) Interesului legitim urm\u0103rit de Charpatian Log Cabin sau o parte ter\u021b\u0103 (de ex. \u00een cazul preven\u021biei fraudelor cu carduri bancare)<br \/>\nf) Rezolvarea solicit\u0103rilor dumneavoastr\u0103 \u00een leg\u0103tur\u0103 cu activitatea desf\u0103\u0219urat\u0103 de Charpatian Log Cabin<\/p>\n<p>Datele dumneavoastr\u0103 ne sunt necesare in scopul desf\u0103\u0219ur\u0103rii activit\u0103\u021bii. Refuzul dumneavoastr\u0103 de a furniza anumite date poate determina imposibilitatea furniz\u0103rii de c\u0103tre Charpatian Log Cabin a serviciilor ori bunurilor solicitate.<\/p>\n<p>Informa\u021biile \u00eenregistrate sunt destinate utiliz\u0103rii de c\u0103tre Charpatian Log Cabin \u0219i sunt comunicate numai urm\u0103torilor destinatari: angaja\u021bii desemna\u021bi ai societ\u0103\u021bii, persoana vizat\u0103, parteneri contractuali ai societ\u0103\u021bii, alte companii din acela\u0219i grup cu Charpatian Log Cabin societ\u0103\u021bilor bancare la care clien\u021bii au deschise conturi \u0219i pe care le-au comunicat c\u0103tre Charpatian Log Cabin<br \/>\ninstitu\u021bii publice autorizate s\u0103 prelucreze date cu caracter personal ( de ex. ANAF, Ministerul de Interne prin Poli\u021bia Rom\u00e2n\u0103, Ministerul Turismului etc.).<\/p>\n<p>Charpatian Log Cabin colecteaz\u0103 date \u0219i \u00een scopuri de marketing sau publicitate, dar doar cu acordul dumneavoastr\u0103 expres. Acesta se realizeaz\u0103 fie prin accesarea site-urilor noastre \u0219i completarea datelor \u00een c\u00e2mpul de newsletter fie printr-un acord expres semnat cu unul dintre angaja\u021bii sau colaboratorii no\u0219trii.<br \/>\nAve\u021bi oric\u00e2nd posibilitatea s\u0103 v\u0103 retrage\u021bi acest consim\u021b\u0103m\u00e2nt \u0219i s\u0103 va bucura\u021bi \u00een continuare de serviciile Charpatian Log Cabin.<\/p>\n<p>Conform Regulamentului (UE) 2016\/679\/27 aprilie 2016, beneficia\u021bi de:<br \/>\n\u2022 dreptul la transparen\u021b\u0103,<br \/>\n\u2022 dreptul de a fi informat,<br \/>\n\u2022 dreptul de acces la date,<br \/>\n\u2022 dreptul la rectificare,<br \/>\n\u2022 dreptul la \u0219tergerea datelor (\u201edreptul de a fi uitat\u201d)*,<br \/>\n\u2022 dreptul la restric\u021bionarea prelucr\u0103rii,<br \/>\n\u2022 dreptul la portabilitatea datelor,<br \/>\n\u2022 dreptul de a nu fi supus unei decizii automate (inclusiv crearea de profiluri), dreptul de a se adresa justi\u021biei\/ ANSPDCP.<\/p>\n<p>Pentru exercitarea acestor drepturi, v\u0103 pute\u021bi adresa cu o cerere scris\u0103, datat\u0103 \u0219i semnat\u0103 la Charpatian Log Cabin.<\/p>\n<p>Datele sunt colectate direct de la dumneavoastr\u0103, membrii ai familiei, \u00eemputernici\u021bi ori \u00een cadrul unor rela\u021bii de munc\u0103. Ele se colecteaz\u0103 fie direct (de ex. prin completarea fi\u0219ei de cazare, ori prin emailul transmis de dumneavoastr\u0103), fie prin intermediul colaboratorilor no\u0219trii (de ex. efectua\u021bi o rezervare prin intermediul aplica\u021biilor specializate cum ar fi Trivago ori agen\u021biile de turism). Exist\u0103 cazuri cand datele sunt furnizate in cadrul unui raport comercial \u00eencheiat cu societatea la care lucra\u021bi sau colabora\u021bi ( de ex. cand c\u0103l\u0103tori\u021bi \u00een interes de afaceri sau se organizeaz\u0103 un eveniment cu o list\u0103 nominal\u0103 de invita\u021bi). Colect\u0103m date \u0219i prin intermediul cookie-urilor, dar acestea pot fi u\u0219or blocate de dumneavoastr\u0103 prin intermediul set\u0103rilor browserului.<\/p>\n<p>\u00cen cadrul loca\u021biilor Charpatian Log Cabin exista un sistem de supraveghere video. Acesta supravegheaz\u0103 zonele comune, conform prevederilor impuse de legisla\u021bia \u00een domeniu. Perioada de stocare a imaginilor este de 30 de zile.<\/p>\n<p>\u00cen cazul \u00een care datele dumneavoastr\u0103 sunt transferate pe teritoriul Uniunii Europene sau al altor \u021b\u0103ri din afara acesteia ( de ex. in baza rela\u021biilor comerciale avute cu agen\u021biile de turism, ori aplica\u021biile de rezerv\u0103ri specifice) ne asigur\u0103m c\u0103 \u0219i acestea respect\u0103 prevederile legale privind protec\u021bia datelor cu caracter personal \u0219i exist\u0103 o legisla\u021bie compatibil\u0103 \u0219i acceptat\u0103 de Uniunea European\u0103.<\/p>\n<p>Pentru mai multe detalii privind prelucrarea datelor cu caracter personal, va rugam sa accesa\u021bi oicare dintre site-urile noastre \u0219i s\u0103 descoperi\u021bi rubrica de Politica de Confiden\u021bialitate \u0219i Politica de Cookie-uri, ori s\u0103 solicita\u021bi de la Recep\u021bia unit\u0103\u021bii de cazare un exemplar al acestora.<\/p>\n<p>Observa\u021bie:<br \/>\n*orice persoan\u0103 are dreptul de a se opune, pentru motive legitime, la prelucrarea datelor ce o privesc. Acest drept de opozi\u021bie poate fi exclus pentru anumite prelucr\u0103ri prev\u0103zute de lege (de ex.: prelucr\u0103ri efectuate de serviciile financiare \u0219i fiscale, de politie, justi\u021bie, securitate social\u0103). Prin urmare, aceast\u0103 men\u021biune nu poate figura dac\u0103 prelucrarea are un caracter obligatoriu;<br \/>\n*orice persoan\u0103 are, de asemenea, dreptul de a se opune, \u00een mod gratuit \u015fi f\u0103r\u0103 nici o justificare, la prelucrarea datelor sale personale \u00een scopuri de marketing direct.[\/vc_column_text][vc_empty_space height=&#8221;40px&#8221;][vc_column_text]<\/p>\n<h4 style=\"text-align: center;\"><strong>POLITIC\u0102 DE CONFIDEN\u021aIALITATE<\/strong><\/h4>\n<p style=\"text-align: center;\"><strong>Data intr\u0103rii \u00een vigoare: Mai 2018<\/strong><\/p>\n<p>Aceast\u0103 Politica de Confiden\u021bialitate se aplic\u0103 la www.CharpatianLogCabin.ro de\u021binut \u0219i operat de Charpatian Log Cabin.<\/p>\n<p>Prin aceast\u0103 Politica de Confiden\u021bialitate v\u0103 explic\u0103m modul \u00een care colect\u0103m \u0219i utiliz\u0103m informa\u021biile, care ar putea include datele personale pe care le furniza\u021bi pe website-ul nostru desf\u0103\u0219oar\u0103 activit\u0103\u021bi de cazare, bar-restaurant, organizare evenimente precum \u0219i servicii conexe acestor activit\u0103\u021bi cum ar fi (concierge, transport hotel-aeroport etc).<\/p>\n<p><strong>Colectare de date<\/strong><\/p>\n<p>Printre tipurile de informa\u021bii personale pe care le colect\u0103m se num\u0103r\u0103:<br \/>\n\u2022 Prenumele, numele, adresa de e-mail, num\u0103rul de telefon \u0219i adresa dumneavoastr\u0103;<br \/>\n\u2022 Informa\u021bii referitoare la na\u021bionalitatea dumneavoastr\u0103;<br \/>\n\u2022 Datele cardului bancar (tipul cardului, num\u0103rul cardului de credit, numele titularului, data expir\u0103rii \u0219i codul de securitate);<br \/>\n\u2022 Informa\u021bii despre sejurul clientului, inclusiv data sosirii \u0219i a plec\u0103rii, cereri speciale, observa\u021bii despre preferin\u021bele serviciilor dumneavoastr\u0103 (inclusiv preferin\u021ba pentru tipul de camer\u0103, facilit\u0103\u021bi sau orice alte servicii utilizate);<br \/>\n\u2022 Informa\u021biile pe care le furniza\u021bi cu privire la preferin\u021bele dumneavoastr\u0103 de marketing sau \u00een cursul particip\u0103rii la sondaje, concursuri sau oferte promo\u021bionale;<\/p>\n<p><strong>Scopul colect\u0103rii datelor<\/strong><\/p>\n<p>Datele dumneavoastr\u0103 sunt colectate \u00een urm\u0103toarele scopuri:<\/p>\n<p>\u2022<strong> Rezerv\u0103ri<\/strong>: Utiliz\u0103m datele dumneavoastr\u0103 personale pentru a finaliza \u0219i administra rezervarea dumneavoastr\u0103 realizat\u0103 online sau offline.<\/p>\n<p>\u2022 <strong>Serviciul clien\u021bi:<\/strong> Utiliz\u0103m datele dumneavoastr\u0103 personale pentru a v\u0103 oferi serviciul achizi\u021bionat necesar.<\/p>\n<p>\u2022 <strong>Comentariile clien\u021bilor:<\/strong> Putem utiliza datele dumneavoastr\u0103 de contact pentru a v\u0103 invita prin e-mail s\u0103 scrie\u021bi un comentariu pentru oaspe\u021bi dup\u0103 sejur. Acesta \u00eei poate ajuta pe al\u021bi c\u0103l\u0103tori s\u0103 aleag\u0103 cazarea care le convine cel mai bine. Dac\u0103 trimite\u021bi un comentariu, acesta poate fi postat pe website-ul nostru.<\/p>\n<p>\u2022 <strong>Activit\u0103\u021bi de marketing:<\/strong> De asemenea, utiliz\u0103m datele dumneavoastr\u0103 pentru activit\u0103\u021bi de marketing, conform legii. \u00cen cazul \u00een care utiliz\u0103m datele dumneavoastr\u0103 personale \u00een scopuri de marketing direct, precum newsletteruri comerciale \u0219i comunic\u0103ri de marketing privind produse \u0219i servicii noi sau alte oferte despre care credem c\u0103 ar putea fi de interes pentru dumneavoastr\u0103, vom include un link de dezabonare pe care \u00eel pute\u021bi utiliza dac\u0103 nu dori\u021bi s\u0103 v\u0103 mai trimitem mesaje.<\/p>\n<p>\u2022 <strong>Alte comunic\u0103ri:<\/strong> S-ar putea s\u0103 existe \u0219i alte d\u0103\u021bi c\u00e2nd vom lua leg\u0103tura prin e-mail, po\u0219t\u0103, telefon sau SMS, \u00een func\u021bie de datele de contact pe care le partaja\u021bi cu noi. Ar putea exista o serie de motive pentru aceste comunic\u0103ri:<\/p>\n<p>a. Este posibil s\u0103 trebuiasc\u0103 s\u0103 r\u0103spundem la \u0219i s\u0103 rezolv\u0103m cererile pe care le-a\u021bi efectuat.<br \/>\nb. Dac\u0103 nu a\u021bi finalizat o rezervare online, este posibil s\u0103 v\u0103 trimitem un e-mail cu un memento pentru a v\u0103 continua rezervarea. Credem c\u0103 acest serviciu suplimentar v\u0103 este util pentru c\u0103 v\u0103 permite s\u0103 continua\u021bi o rezervare f\u0103r\u0103 a mai fi nevoie s\u0103 c\u0103uta\u021bi din nou cazarea sau s\u0103 completa\u021bi toate detaliile rezerv\u0103rii de la \u00eenceput.<br \/>\nc. C\u00e2nd utiliza\u021bi serviciile noastre, v\u0103 putem trimite un chestionar sau v\u0103 putem invita s\u0103 scrie\u021bi un comentariu despre experien\u021ba dumneavoastr\u0103 pe website-ul nostru sau al partenerilor no\u0219trii. Credem c\u0103 acest serviciu suplimentar este util pentru dumneavoastr\u0103 \u0219i pentru noi, deoarece ne vom putea \u00eembun\u0103t\u0103\u021bi website-ul pe baza feedbackului primit.<\/p>\n<p>\u2022 <strong>Analiz\u0103, \u00eembun\u0103t\u0103\u021bire \u0219i cercetare:<\/strong> Utiliz\u0103m datele personale pentru a efectua cercet\u0103ri \u0219i analize. Este posibil s\u0103 implic\u0103m o ter\u021b\u0103 parte s\u0103 fac\u0103 acest lucru \u00een numele nostru sau s\u0103 avem obliga\u021bia de a transmite aceste informa\u021bii cate institu\u021biile acreditate (de ex. Ministerul Turismului). Putem partaja sau dezv\u0103lui rezultatele unor astfel de cercet\u0103ri, inclusiv unor ter\u021be p\u0103r\u021bi, \u00een form\u0103 anonim\u0103, criptat\u0103. Utiliz\u0103m datele dumneavoastr\u0103 personale \u0219i \u00een scopuri analitice, pentru a ne \u00eembun\u0103t\u0103\u021bi serviciile, pentru a \u00eembun\u0103t\u0103\u021bi experien\u021ba utilizatorilor \u0219i pentru a \u00eembun\u0103t\u0103\u021bi func\u021bionalitatea \u0219i calitatea serviciilor noastre online de c\u0103l\u0103torie.<\/p>\n<p>\u2022 <strong>Securitatea, detectarea \u0219i prevenirea fraudelor:<\/strong> Utiliz\u0103m informa\u021bii, care pot include date cu caracter personal, pentru a preveni frauda \u0219i alte activit\u0103\u021bi ilegale sau care \u00eencalc\u0103 drepturile de autor, utilizarea cardurilor furate etc.. De asemenea, folosim aceste informa\u021bii pentru a investiga \u0219i detecta frauda. Putem utiliza datele personale pentru evaluarea riscurilor \u0219i pentru scopuri de securitate, inclusiv autentificarea utilizatorilor. \u00cen aceste scopuri, datele cu caracter personal pot fi comunicate unor ter\u021be p\u0103r\u021bi, cum ar fi autorit\u0103\u021bile na\u021bionale sau interna\u021bionale acreditate conform legii sau consultan\u021bilor externi.<\/p>\n<p>\u2022 <strong>Motive juridice:<\/strong> \u00cen anumite cazuri, trebuie s\u0103 utiliz\u0103m informa\u021biile furnizate, care pot include date cu caracter personal, pentru a rezolva disputele juridice sau reclama\u021biile, pentru investiga\u021biile \u0219i respectarea reglement\u0103rilor sau pentru a pune \u00een aplicare un acord sau pentru a conforma solicit\u0103rile legale din partea organelor de drept \u00een m\u0103sura \u00een care acest lucru este prev\u0103zut de lege (de ex. comunicarea fi\u0219elor de cazare c\u0103tre reprezentan\u021bii Ministerului de Interne prin serviciul Poli\u021biei Rom\u00e2ne) .<\/p>\n<p>Pute\u021bi alege oric\u00e2nd ce date personale (dac\u0103 exist\u0103) dori\u021bi s\u0103 ni le furniza\u021bi. Cu toate acestea, anumite date cu caracter personale, cele impuse prin lege, sunt strict necesare desf\u0103\u0219ur\u0103rii activit\u0103\u021bii, motiv pentru care, \u00een lipsa acestora nu v\u0103 putem oferi serviciul solicitat.<\/p>\n<p>Datele prelucrate in scop de marketing sunt prelucrate doar \u00een baza unui acord expres al dumneavoastr\u0103, acord ce poate fi oric\u00e2nd retras.<\/p>\n<p>Datele prelucrate \u00een scopuri statistice, de cercetare \u0219i analiz\u0103, sunt date anonimizate, ce nu permit identificarea dumneavoastr\u0103 \u00een nici un fel.<\/p>\n<p><strong>Modul de colectare al datelor<\/strong><\/p>\n<p>Datele cu caracter personal sunt colectate prin una din urm\u0103toarel metode:<\/p>\n<p>a) Direct de la persoana vizat\u0103, prin intermediul fi\u0219ei de cazare, a cererilor emise \u00een cazul unei solicit\u0103ri de rezervari (offline sau online) sau prin comunicarea direct\u0103;<br \/>\nb) Prin intermediul colaboratorilor no\u0219trii, agen\u021bii de turism sau aplica\u021bii specifice de rezerv\u0103ri;<br \/>\nc) Prin intermediul solicit\u0103rilor persoanelor mandatate de dumneavoastr\u0103;<br \/>\nd) Prin intermediul website-ului nostru, pe baza preferintelor de utilizare, \u00een timpul vizit\u0103rii paginii web, prin intermediul cookies-urilor. Pentru mai multe detalii legate de <a href=\"https:\/\/7soapte.ro\/es\/contact\/politica-de-cookies\/\">Politica de Cookies<\/a>, te rog apas\u0103 <a href=\"https:\/\/7soapte.ro\/es\/contact\/politica-de-cookies\/\">aici<\/a>.<\/p>\n<p>Dac\u0103 vom utiliza mijloace automate pentru a prelucra date cu caracter personal care produc efecte juridice sau v\u0103 afecteaz\u0103 \u00een mod semnificativ, vom implementa m\u0103suri adecvate pentru a v\u0103 proteja drepturile \u0219i libert\u0103\u021bile, inclusiv dreptul de a ob\u021bine o interven\u021bie uman\u0103.<\/p>\n<p><strong>Transferuri de date interna\u021bionale<\/strong><\/p>\n<p>Transmiterea datelor cu caracter personal descris\u0103 \u00een prezenta Politica de confiden\u021bialitate poate include transferuri de date cu caracter personal \u00een str\u0103in\u0103tate, c\u0103tre \u021b\u0103ri ale c\u0103ror legi privind protec\u021bia datelor nu sunt la fel de cuprinz\u0103toare ca acelea ale \u021b\u0103rilor din Uniunea European\u0103. De obicei aceste transferuri apar \u00een momentul colabor\u0103rii cu agen\u021biile de turism aflate pe teritoriul altor state din afara UE (de ex. Israel) prin intermediul c\u0103rora efectua\u021bi rezerv\u0103ri, ori prin intermediul aplica\u021biilor specifice de rezerv\u0103ri prin care ne comunica\u021bi datele dumneavoastr\u0103, dar care au serverele sau central tehnologic \u00een alte \u021b\u0103ri, din afara Uniunii Europene.<\/p>\n<p>\u00cen aceste situa\u021bii transfer\u0103m datele personale numai destinatarilor care ofer\u0103 un nivel adecvat de protec\u021bie a datelor; de aceea facem aranjamente contractuale pentru a ne asigura c\u0103 datele dumneavoastr\u0103 personale sunt \u00een continuare protejate \u00een conformitate cu standardele europene. Ne pute\u021bi cere s\u0103 vede\u021bi o copie a acestor clauze folosind detaliile de contact de mai jos.<\/p>\n<p><strong>Securitate<\/strong><\/p>\n<p>Charpatian Log Cabin respect\u0103 proceduri rezonabile pentru a \u00eempiedica accesul neautorizat la informa\u021biile cu caracter personal \u0219i utilizarea necorespunz\u0103toare a acestora. Utiliz\u0103m sisteme \u0219i proceduri adecvate pentru a proteja informa\u021biile, inclusiv datele cu caracter personal. De asemenea, folosim proceduri de securitate \u0219i restric\u021bii tehnice \u0219i fizice pentru accesarea \u0219i utilizarea datelor personale pe serverele noastre. Numai personalului autorizat i se permite accesul la date cu caracter personal \u00een cursul activit\u0103\u021bii acestuia.<\/p>\n<p><strong>Reten\u0163ia datelor<\/strong><\/p>\n<p>Vom p\u0103stra informa\u021biile dumneavoastr\u0103, care pot include date personale at\u00e2t timp c\u00e2t este necesar s\u0103 v\u0103 furniz\u0103m servicii, s\u0103 respect\u0103m legile aplicabile, s\u0103 solu\u021bion\u0103m litigii cu orice parte \u0219i altfel, dac\u0103 este necesar, pentru a ne permite s\u0103 ne desf\u0103\u0219ur\u0103m activitatea, inclusiv pentru a detecta \u0219i a preveni frauda sau alte activit\u0103\u021bi ilegale.<\/p>\n<p>De exemplu avem obliga\u021b\u00eda de a p\u0103stra documentele aferente tranzac\u021biilor financiare 10 ani de la \u00eencheierea exerci\u021biului financiar \u00een care au fost prelucrate, ori fi\u0219ele de cazare au obliga\u021bia de a fi arhivate pe o perioada de 5 ani, conform legilor \u00een domeniu.<\/p>\n<p>Toate datele personale pe care le p\u0103str\u0103m vor fi supuse acestei <strong>Politici de confiden\u021bialitate<\/strong>. Dac\u0103 ave\u021bi o \u00eentrebare despre o anumit\u0103 perioad\u0103 de p\u0103strare pentru anumite tipuri de date personale pe care le proces\u0103m despre dumneavoastr\u0103, v\u0103 rug\u0103m s\u0103 ne contacta\u021bi prin intermediul detaliilor de contact incluse mai jos.<\/p>\n<p><strong>Op\u021biunile \u0219i drepturile dumneavoastr\u0103<\/strong><\/p>\n<p>Dorim s\u0103 v\u0103 controla\u021bi modul \u00een care datele dumneavoastr\u0103 personale sunt utilizate de noi. Pute\u021bi face acest lucru \u00een concordan\u021b\u0103 cu prevederile <strong>Regulamentul (UE) 2016\/679 privind protec\u0163ia persoanelor fizice \u00een ceea ce prive\u015fte prelucrarea datelor cu caracter personal \u015fi privind libera circula\u0163ie a acestor date (art. 14-23)<\/strong> \u00een urm\u0103toarele moduri:<\/p>\n<p>\u2022 Ne pute\u021bi solicita o copie a datelor personale pe care le de\u021binem despre dumneavoastr\u0103;<br \/>\n\u2022 Ne pute\u021bi informa despre orice modificare a datelor dumneavoastr\u0103 personale sau ne pute\u021bi cere s\u0103 corect\u0103m datele personale pe care le de\u021binem despre dumneavoastr\u0103;<br \/>\n\u2022 \u00cen anumite situa\u021bii, ne pute\u021bi cere s\u0103 \u0219tergem, s\u0103 bloc\u0103m sau s\u0103 restric\u021bion\u0103m prelucrarea datelor personale pe care le de\u021binem despre dumneavoastr\u0103 sau s\u0103 v\u0103 opune\u021bi anumitor moduri \u00een care v\u0103 folosim datele personale; \u0219i<br \/>\n\u2022 \u00cen anumite situa\u021bii, pute\u021bi, de asemenea, s\u0103 ne solicita\u021bi s\u0103 trimite\u021bi datele personale pe care ni le-a\u021bi dat unei ter\u021be p\u0103r\u021bi.<\/p>\n<p><strong>\u00cen cazul \u00een care v\u0103 folosim datele dumneavoastr\u0103 personale pe baza consim\u021b\u0103m\u00e2ntului dumneavoastr\u0103, ave\u021bi dreptul s\u0103 retrage\u021bi acest consim\u021b\u0103m\u00e2nt \u00een orice moment sub rezerva legii aplicabile.<\/strong><\/p>\n<p>\u00cen cazul \u00een care proces\u0103m datele dumneavoastr\u0103 personale bazate pe interes legitim sau interes public, ave\u021bi dreptul s\u0103 v\u0103 opune\u021bi \u00een orice moment utiliz\u0103rii datelor dumneavoastr\u0103 personale dor \u00een conformitate cu legisla\u021bia aplicabil\u0103.<\/p>\n<p>V\u0103 rug\u0103m s\u0103 ne informa\u021bi cu promptitudine cu privire la orice schimb\u0103ri sau inexactit\u0103\u021bi la datele dumneavoastr\u0103 personale, contact\u00e2nd office@charpatianlogcabin.ro. Vom rezolva solicitarea dumneavoastr\u0103 \u00een conformitate cu legea aplicabil\u0103.<\/p>\n<p><strong>\u00centreb\u0103ri sau reclama\u021bii<\/strong><\/p>\n<p>Dac\u0103 ave\u021bi \u00eentreb\u0103ri sau preocup\u0103ri legate de prelucrarea datelor dumneavoastr\u0103 personale sau dac\u0103 vre\u021bi s\u0103 v\u0103 exercita\u021bi oricare dintre drepturile pe care le ave\u021bi \u00een conformitate cu acest anun\u021b, sunte\u021bi binevenit(\u0103) s\u0103 ne contacta\u021bi printr-o cerere scris\u0103 fie la adresa din Valea Caselor, Dragoslavele, jude\u021bul Arge\u0219<br \/>\n<strong>, fie prin email la adresa office@charpatianlogcabin.ro.<\/strong> De asemenea, pute\u021bi contacta autoritatea local\u0103 pentru protec\u021bia datelor dac\u0103 ave\u021bi \u00eentreb\u0103ri \u0219i reclama\u021bii.<\/p>\n<p><strong>Modific\u0103ri ale notific\u0103rii<\/strong><\/p>\n<p>Dup\u0103 cum activitatea noastr\u0103 se schimb\u0103 constant, aceast\u0103 Politica de Confiden\u021bialitate se poate schimba din c\u00e2nd \u00een c\u00e2nd. Dac\u0103 vom efectua modific\u0103ri semnificative care vor avea un impact asupra dumneavoastr\u0103 (de exemplu, atunci c\u00e2nd vom \u00eencepe prelucrarea datelor dumneavoastr\u0103 personale \u00een alte scopuri dec\u00e2t cele specificate mai sus), v\u0103 vom contacta \u00eenainte de a \u00eencepe aceast\u0103 procesare.<\/p>","protected":false},"excerpt":{"rendered":"<p>&nbsp; NOT\u0102 DE INFORMARE PRIVIND PROTEC\u0162IA DATELOR PERSONALE Conform cerin\u021belor Regulamentului (UE) 2016\/679\/27 aprilie 2016 privind protec\u021bia persoanelor fizice \u00een [&hellip;]<\/p>\n","protected":false},"author":3,"featured_media":0,"parent":20,"menu_order":4,"comment_status":"closed","ping_status":"closed","template":"","meta":[],"_links":{"self":[{"href":"https:\/\/charpatianlogcabin.ro\/ro\/wp-json\/wp\/v2\/pages\/3519"}],"collection":[{"href":"https:\/\/charpatianlogcabin.ro\/ro\/wp-json\/wp\/v2\/pages"}],"about":[{"href":"https:\/\/charpatianlogcabin.ro\/ro\/wp-json\/wp\/v2\/types\/page"}],"author":[{"embeddable":true,"href":"https:\/\/charpatianlogcabin.ro\/ro\/wp-json\/wp\/v2\/users\/3"}],"replies":[{"embeddable":true,"href":"https:\/\/charpatianlogcabin.ro\/ro\/wp-json\/wp\/v2\/comments?post=3519"}],"version-history":[{"count":21,"href":"https:\/\/charpatianlogcabin.ro\/ro\/wp-json\/wp\/v2\/pages\/3519\/revisions"}],"predecessor-version":[{"id":8610,"href":"https:\/\/charpatianlogcabin.ro\/ro\/wp-json\/wp\/v2\/pages\/3519\/revisions\/8610"}],"up":[{"embeddable":true,"href":"https:\/\/charpatianlogcabin.ro\/ro\/wp-json\/wp\/v2\/pages\/20"}],"wp:attachment":[{"href":"https:\/\/charpatianlogcabin.ro\/ro\/wp-json\/wp\/v2\/media?parent=3519"}],"curies":[{"name":"wp","href":"https:\/\/api.w.org\/{rel}","templated":true}]}}